{"id":63,"date":"2023-10-27T16:47:30","date_gmt":"2023-10-27T16:47:30","guid":{"rendered":"https:\/\/tred.cz\/?page_id=63"},"modified":"2025-12-08T21:52:09","modified_gmt":"2025-12-08T21:52:09","slug":"deratizace","status":"publish","type":"page","link":"http:\/\/tred.cz\/index.php\/deratizace\/","title":{"rendered":"Deratizace"},"content":{"rendered":"<div class=\"brz-root__container brz-reset-all\">\n<section data-uid=\"tqjibfspxfhbyailkuvrlktoufeyamosqvzl\" id=\"tqjibfspxfhbyailkuvrlktoufeyamosqvzl\" class=\"brz-section brz-css-puukw\">\n<div class=\"brz-section__content brz-section--boxed brz-css-mqaaa brz-css-aazbs\" data-custom-id=\"ocbatepmfbxlyrrqzmozsnngewiuphmogzko\">\n<div class=\"brz-bg overflow-hidden !z-auto absolute top-0 left-0 w-full h-full\">\n<div class=\"brz-bg-color absolute top-0 left-0 w-full h-full\"><\/div>\n<\/div>\n<div class=\"brz-container brz-css-mzkdk\">\n<div id class=\"brz-css-avysp brz-css-qplch brz-wrapper\">\n<div class=\"brz-rich-text brz-rich-text__custom brz-css-lxfjv\" data-custom-id=\"selyeuazmngoisxeldaberezljhofgfhjebn\">\n<div>\n<h2 class=\"brz-tp-lg-heading2 brz-text-lg-center brz-css-ephye\" data-uniq-id=\"vgyuc\" data-generated-css=\"brz-css-uapcu\"><span class=\"brz-cp-color2\">Deratizace<\/span><\/h2>\n<\/div>\n<\/div>\n<\/div>\n<div id class=\"brz-css-avysp brz-css-cltii brz-wrapper\">\n<div class=\"brz-rich-text brz-rich-text__custom brz-css-lxfjv\" data-custom-id=\"nzywzsjjlymandowikltnnduhvnnujkvbnad\">\n<div>\n<p class=\"ql-align-center brz-mb-lg-20 brz-tp-lg-paragraph brz-text-lg-center brz-css-ogglx\" data-uniq-id=\"lotjh\" data-generated-css=\"brz-css-iehif\"><strong>Deratizace <\/strong>&#8211; \u010dinnost zam\u011b\u0159en\u00e1 na huben\u00ed hlodavc\u016f, p\u0159edev\u0161\u00edm potkan\u016f, my\u0161\u00ed a jin\u00fdch druh\u016f.<\/p>\n<p class=\"ql-align-center brz-mb-lg-20 brz-tp-lg-paragraph brz-text-lg-center brz-css-reigg\" data-uniq-id=\"ifpzl\" data-generated-css=\"brz-css-gryzm\"><strong>Prov\u00e1d\u00edme speci\u00e1ln\u00ed ochrannou deratizaci ve firemn\u00edch prostor\u00e1ch i v dom\u00e1ctnostech. <\/strong><\/p>\n<p class=\"ql-align-center brz-mb-lg-20 brz-tp-lg-paragraph brz-text-lg-center brz-css-jnybd\" data-uniq-id=\"fsczr\" data-generated-css=\"brz-css-njzxb\"><strong>Na\u0161e spole\u010dnost m\u00e1 opr\u00e1vn\u011bn\u00ed prov\u00e1d\u011bt speci\u00e1ln\u00ed ochrannou deratizaci v potravin\u00e1\u0159sk\u00fdch nebo zem\u011bd\u011blsk\u00fdch provozech.<\/strong><\/p>\n<p class=\"ql-align-center brz-mb-lg-20 brz-tp-lg-paragraph brz-text-lg-center brz-css-txsmj\" data-uniq-id=\"nflmf\" data-generated-css=\"brz-css-ktfqm\"><strong>Zab\u00fdv\u00e1me se tak\u00e9 tzv.\u201ePlo\u0161nou deratizac\u00ed\u201c m\u011bst a obc\u00ed.<\/strong><\/p>\n<\/div>\n<\/div>\n<\/div>\n<div class=\"brz-row__container brz-css-rvtsl\" data-custom-id=\"crttyyppwewrvxxbupumrttmehkpojvgfeps\">\n<div class=\"brz-bg overflow-hidden !z-auto absolute top-0 left-0 w-full h-full\"><\/div>\n<div class=\"brz-row brz-css-aijgx brz-css-cfofh\">\n<div class=\"brz-columns brz-css-usetd\" data-custom-id=\"plkocclvfjrvoyqvcjoxrffjlpcvitrvjcur\">\n<div class=\"brz-bg overflow-hidden !z-auto absolute top-0 left-0 w-full h-full\"><\/div>\n<div class=\"brz-column__items brz-css-rxqfv brz-css-ljbzn\">\n<div id class=\"brz-css-avysp brz-css-edfkf brz-wrapper\">\n<div class=\"brz-rich-text brz-rich-text__custom brz-css-lxfjv\" data-custom-id=\"uliddzsacfenedlapwcbhhnoskgyieerfakg\">\n<div>\n<h5 class=\"brz-tp-lg-heading5 brz-text-lg-center brz-css-ndjdn\" data-generated-css=\"brz-css-afiha\" data-uniq-id=\"skyot\"><span class=\"brz-cp-color2\">Pr\u016fb\u011bh deratizace:<\/span><\/h5>\n<\/div>\n<\/div>\n<\/div>\n<div id class=\"brz-css-avysp brz-wrapper\">\n<div class=\"brz-rich-text brz-rich-text__custom brz-css-lxfjv\" data-custom-id=\"uvnbkvqbweakvdebgorlsrnbtjqntlzyaekx\">\n<div>\n<ul>\n<li data-uniq-id=\"uzhwg\" data-generated-css=\"brz-css-wekni\" class=\"brz-text-lg-center brz-tp-lg-paragraph brz-bcp-color7 brz-css-busbs\"><span class=\"brz-cp-color7\">domluva se z\u00e1kazn\u00edkem s ohledem na charakter lokality <\/span><\/li>\n<\/ul>\n<p class=\"brz-text-lg-center brz-tp-lg-paragraph brz-css-otmia\" data-uniq-id=\"wjejs\" data-generated-css=\"brz-css-mtvyj\"><span class=\"brz-cp-color7\"> a pot\u0159eb objednatele<\/span><\/p>\n<ul>\n<li data-uniq-id=\"ecute\" data-generated-css=\"brz-css-ksgmp\" class=\"brz-text-lg-center brz-tp-lg-paragraph brz-bcp-color7 brz-css-vciki\"><span class=\"brz-cp-color7\">pr\u016fzkum objektu a jeho okol\u00ed<\/span><\/li>\n<li data-uniq-id=\"kxjad\" data-generated-css=\"brz-css-reutm\" class=\"brz-text-lg-center brz-tp-lg-paragraph brz-bcp-color7 brz-css-tiqvo\"><span class=\"brz-cp-color7\">polo\u017een\u00ed jedov\u00fdch stani\u010dek s \u00fa\u010dinnou deratiza\u010dn\u00ed n\u00e1strahou<\/span><\/li>\n<li data-uniq-id=\"ziebq\" data-generated-css=\"brz-css-xoaht\" class=\"brz-text-lg-center brz-tp-lg-paragraph brz-bcp-color7 brz-css-uvues\"><span class=\"brz-cp-color7\">kontrola stani\u010dek a dopln\u011bn\u00ed n\u00e1strah po 7-10 dnech <\/span><\/li>\n<li class=\"brz-tp-lg-paragraph brz-text-lg-center brz-bcp-color7 brz-css-otnbo\" data-uniq-id=\"msbpw\" data-generated-css=\"brz-css-abuvd\"><span class=\"brz-cp-color7\">sb\u011br uhynul\u00fdch kus\u016f ( pop\u0159. vy\u010di\u0161t\u011bn\u00ed prostor a proveden\u00ed desinfek\u010dn\u00edho post\u0159iku )<\/span><\/li>\n<\/ul>\n<p class=\"brz-text-lg-center brz-tp-lg-paragraph brz-css-jgeuu\" data-uniq-id=\"ihxxz\" data-generated-css=\"brz-css-elqto\"><\/p>\n<\/div>\n<\/div>\n<\/div>\n<\/div>\n<\/div>\n<div class=\"brz-columns brz-css-usetd\" data-custom-id=\"rnmjwgtlnthjzlvwfdyeovtzbyvzuwmeryeh\">\n<div class=\"brz-bg overflow-hidden !z-auto absolute top-0 left-0 w-full h-full\"><\/div>\n<div class=\"brz-column__items brz-css-rxqfv brz-css-nmbfq\">\n<div id class=\"brz-css-avysp brz-css-fvlph brz-wrapper\">\n<div class=\"brz-rich-text brz-rich-text__custom brz-css-lxfjv\" data-custom-id=\"dbvavxwkjwhnkwrzhishfqaxuuqbryfhhxfj\">\n<div>\n<h5 class=\"brz-tp-lg-heading5 brz-text-lg-center brz-css-kvvdc\" data-generated-css=\"brz-css-pdbby\" data-uniq-id=\"hdymj\"><span class=\"brz-cp-color2\">Pro firmy:<\/span><\/h5>\n<\/div>\n<\/div>\n<\/div>\n<div id class=\"brz-css-avysp brz-wrapper\">\n<div class=\"brz-rich-text brz-rich-text__custom brz-css-lxfjv\" data-custom-id=\"vaujrbqjsdtexacszcvxdjjvncqkhsvcdltx\">\n<div>\n<ul>\n<li class=\"brz-text-lg-center brz-tp-lg-paragraph brz-bcp-color7 brz-css-qptsq\" data-generated-css=\"brz-css-czpjr\" data-uniq-id=\"mtnbg\"><span class=\"brz-cp-color7\">na z\u00e1klad\u011b smlouvy prov\u00e1d\u00edme speci\u00e1ln\u00ed ochrannou deratizaci 4x do roka podle standardn\u00edch metodik <\/span><\/li>\n<li data-generated-css=\"brz-css-jivow\" data-uniq-id=\"hbxch\" class=\"brz-text-lg-center brz-tp-lg-paragraph brz-bcp-color7 brz-css-qlzbd\"><span class=\"brz-cp-color7\">pro pot\u0159eby kontroln\u00edch org\u00e1n\u016f zas\u00edl\u00e1me odb\u011brateli protokoly o proveden\u00fdch slu\u017eb\u00e1ch DDD<\/span><\/li>\n<li data-generated-css=\"brz-css-gckxb\" data-uniq-id=\"mohhd\" class=\"brz-text-lg-center brz-tp-lg-paragraph brz-bcp-color7 brz-css-qwvyb\"><span class=\"brz-cp-color7\">vyhotov\u00edme pl\u00e1nek objektu s vyzna\u010den\u00edm m\u00edsta ulo\u017een\u00ed deratiza\u010dn\u00edch stani\u010dek ( pop\u0159. monitorovac\u00edch past\u00ed \u0161kodliv\u00e9ho hmyzu )<\/span><\/li>\n<li data-generated-css=\"brz-css-rujur\" data-uniq-id=\"knuug\" class=\"brz-text-lg-center brz-tp-lg-paragraph brz-bcp-color7 brz-css-tkxts\"><span class=\"brz-cp-color7\">pr\u016fb\u011b\u017en\u011b zas\u00edl\u00e1me aktualizovan\u00e9 bezpe\u010dnostn\u00ed listy pou\u017eit\u00fdch p\u0159\u00edpravk\u016f<\/span><\/li>\n<li data-generated-css=\"brz-css-ithft\" data-uniq-id=\"gtfpf\" class=\"brz-text-lg-center brz-tp-lg-paragraph brz-bcp-color7 brz-css-mment\"><span class=\"brz-cp-color7\">po pr\u016fzkumu objektu upozorn\u00edme odb\u011bratele na zji\u0161t\u011bn\u00e9 technick\u00e9 a stavebn\u00ed nedostatky, kter\u00e9 by bylo vhodn\u00e9 v r\u00e1mci zkvalitn\u011bn\u00ed slu\u017eby ochrann\u00e9 DDD odstranit.<\/span><\/li>\n<\/ul>\n<\/div>\n<\/div>\n<\/div>\n<\/div>\n<\/div>\n<\/div>\n<\/div>\n<\/div>\n<\/div>\n<\/section>\n<\/div>\n<p>    <!-- version:1765230729 --><\/p>\n","protected":false},"excerpt":{"rendered":"<p>Deratizace Deratizace &#8211; \u010dinnost zam\u011b\u0159en\u00e1 na huben\u00ed hlodavc\u016f, p\u0159edev\u0161\u00edm potkan\u016f, my\u0161\u00ed a jin\u00fdch druh\u016f. Prov\u00e1d\u00edme speci\u00e1ln\u00ed ochrannou deratizaci ve firemn\u00edch prostor\u00e1ch i v dom\u00e1ctnostech. Na\u0161e spole\u010dnost m\u00e1 opr\u00e1vn\u011bn\u00ed prov\u00e1d\u011bt speci\u00e1ln\u00ed ochrannou deratizaci v potravin\u00e1\u0159sk\u00fdch nebo zem\u011bd\u011blsk\u00fdch provozech. Zab\u00fdv\u00e1me se tak\u00e9 tzv.\u201ePlo\u0161nou deratizac\u00ed\u201c m\u011bst a obc\u00ed. Pr\u016fb\u011bh deratizace: domluva se z\u00e1kazn\u00edkem s ohledem na charakter lokality [&hellip;]<\/p>\n","protected":false},"author":1,"featured_media":0,"parent":0,"menu_order":0,"comment_status":"closed","ping_status":"closed","template":"","meta":{"footnotes":""},"class_list":["post-63","page","type-page","status-publish","hentry"],"blocksy_meta":{"vertical_spacing_source":"custom","content_area_spacing":"none"},"_links":{"self":[{"href":"http:\/\/tred.cz\/index.php\/wp-json\/wp\/v2\/pages\/63","targetHints":{"allow":["GET"]}}],"collection":[{"href":"http:\/\/tred.cz\/index.php\/wp-json\/wp\/v2\/pages"}],"about":[{"href":"http:\/\/tred.cz\/index.php\/wp-json\/wp\/v2\/types\/page"}],"author":[{"embeddable":true,"href":"http:\/\/tred.cz\/index.php\/wp-json\/wp\/v2\/users\/1"}],"replies":[{"embeddable":true,"href":"http:\/\/tred.cz\/index.php\/wp-json\/wp\/v2\/comments?post=63"}],"version-history":[{"count":8,"href":"http:\/\/tred.cz\/index.php\/wp-json\/wp\/v2\/pages\/63\/revisions"}],"predecessor-version":[{"id":296,"href":"http:\/\/tred.cz\/index.php\/wp-json\/wp\/v2\/pages\/63\/revisions\/296"}],"wp:attachment":[{"href":"http:\/\/tred.cz\/index.php\/wp-json\/wp\/v2\/media?parent=63"}],"curies":[{"name":"wp","href":"https:\/\/api.w.org\/{rel}","templated":true}]}}